{"id":84,"date":"2020-05-03T11:46:43","date_gmt":"2020-05-03T11:46:43","guid":{"rendered":"http:\/\/helix-piercing.com\/?page_id=84"},"modified":"2020-06-30T19:35:43","modified_gmt":"2020-06-30T19:35:43","slug":"%e2%80%a2-facts-about-helix-%e2%80%a2","status":"publish","type":"page","link":"https:\/\/helix-piercing.com\/en\/","title":{"rendered":"\u2022 FACTS ABOUT HELIX \u2022"},"content":{"rendered":"<h4 class=\"wp-block-heading\"><strong>Das Schmuck Must-Have: Helix Piercing <\/strong><\/h4>\n\n\n\n<p>Aktuell kommt man um den hei\u00dfesten Schmuck-Trend nicht drum rum: Bling Bling am Ohr \u2013 und davon am Besten so viele Piercing Arten und Ohrl\u00f6cher wie m\u00f6glich! Und das angesagteste It Piece f\u00fcrs Ohr: Nat\u00fcrlich das Helix Piercing! Erfahre alles rund um das aktuelle Trend Piece, was du wissen solltest. Den vor allem <a href=\"https:\/\/helix-piercing.com\/en\/helix-pflegetipps\/\" class=\"aioseop-link\">mit der richtigen Pflege,<\/a> wirst du lange Freude an deinem Lieblingspiercing haben. <\/p>\n\n\n\n<h4 class=\"wp-block-heading\"><strong>Was ist das \u00fcberhaupt und wo befindet es sich <\/strong><\/h4>\n\n\n\n<p>Das Helix Piercing befindet sich entweder links oder rechts am oberen Au\u00dfenohr an der Umrandung der Ohrmuschel, diese besteht aus Knorpelgewebe und wird Helix genannt. Von Ring bis Stecker sind viele verschiedenen <a href=\"http:\/\/helix-piercing.com\/en\/helix-arten\/\">Piercing Arten<\/a> m\u00f6glich. <\/p>\n\n\n\n<figure class=\"wp-block-image size-large is-resized\"><img loading=\"lazy\" decoding=\"async\" src=\"https:\/\/helix-piercing.com\/wp-content\/uploads\/2020\/05\/Piercing-Arten-1-1024x427.png\" alt=\"Ohr mit verschiedenen Piercings.\" class=\"wp-image-186\" width=\"652\" height=\"271\" srcset=\"https:\/\/helix-piercing.com\/wp-content\/uploads\/2020\/05\/Piercing-Arten-1-1024x427.png 1024w, https:\/\/helix-piercing.com\/wp-content\/uploads\/2020\/05\/Piercing-Arten-1-300x125.png 300w, https:\/\/helix-piercing.com\/wp-content\/uploads\/2020\/05\/Piercing-Arten-1-768x320.png 768w, https:\/\/helix-piercing.com\/wp-content\/uploads\/2020\/05\/Piercing-Arten-1.png 1200w\" sizes=\"auto, (max-width: 652px) 100vw, 652px\" \/><figcaption>Piercing Arten<\/figcaption><\/figure>\n\n\n\n<p>Die exakte Stelle kann dabei variieren und von dir individuell gew\u00e4hlt werden. M\u00f6glich ist es sogar, an einem Ohr mehrere Piercings stechen zu lassen. Dieser Wunsch sollte allerdings mit einem erfahrendem Piercer besprochen werden, da ein gewisser Abstand zwischen den Piercings eingehalten werden sollte. <\/p>\n\n\n\n<h4 class=\"wp-block-heading\"><strong>Von wem Helix Piercing stechen lassen<\/strong><\/h4>\n\n\n\n<p>Wie alle anderen Piercings sollte es von einem ausgebildeten und erfahrenen Piercer gestochen werden. Es kann nicht wie beispielsweise beim Ohrloch in einem gew\u00f6hnlichen Schmuckladen gemacht werden. Denn ein Piercing wird im Gegensatz zum Ohrring gestochen und nicht geschossen.<\/p>\n\n\n\n<p>Bei der Auswahl f\u00fcr das richtige Piercing Studio sollte auf folgende Punkte geachtet werden:<\/p>\n\n\n\n<ul class=\"wp-block-list\"><li>N\u00f6tige Hygiene im Studio<\/li><li>M\u00f6glichkeit f\u00fcr Termin zur Nachsorge<\/li><\/ul>\n\n\n\n<p>Hilfreich ist es immer, die Bewertungen zum Studio durchzulesen, bevor ein Termin vereinbart wird. Aber keine Sorge &#8211; das beliebte Helix Piercing ist ein Standard f\u00fcr ein renommiertes Piercing Studio. Bei Fragen oder Bedenken kann einfach ein kurzes Beratungsgespr\u00e4ch vereinbart werden. <\/p>\n\n\n\n<h4 class=\"wp-block-heading\"><strong>Wie wird das Piercing gestochen<\/strong><\/h4>\n\n\n\n<p>Bevor das Piercing gestochen wird, muss die Seite und genaue Stelle ausgew\u00e4hlt werden. Der Piercer wird daf\u00fcr an der gew\u00e4hlten Stelle mit einem Stift einen Punkt aufmalen &#8211; so kann im Spiegel gepr\u00fcft werden, ob dir die Stelle gef\u00e4llt oder ein neuer Punkt aufgemalt werden soll. <\/p>\n\n\n\n<p>Ein Helix Piercing wird gew\u00f6hnlicherweise im Sitzen gestochen. Zun\u00e4chst wird die Stelle und die gesamte Ohrmuschel gr\u00fcndlich desinfiziert. <\/p>\n\n\n\n<p>Nach dem Stechen wird ein Medizinischer Stecker eingesetzt, damit das Piercing optimal abheilen kann. In der Regel wird dir dein Piercer empfehlen, mit einem Stecker zu starten statt mit einem Ring, da hier die Heilung schneller abl\u00e4uft. <\/p>\n\n\n\n<h4 class=\"wp-block-heading\"><strong>Schmerzen beim Helix Piercing stechen<\/strong><\/h4>\n\n\n\n<p>Nat\u00fcrlich empfindet jeder von uns Schwerzen unterschiedlich &#8211; trotzdem wirst du das Stechen eines Helix Piercings durch den Knorpel in jedem Fall sp\u00fcren. Manche beschreiben das Stechen als schmerzhafter als Andere es empfinden. Gr\u00f6\u00dftenteils wird der Schmerz als kurzes, warmes Brennen beschrieben und ist gut auszuhalten. <\/p>\n\n\n\n<p>Du fragst dich, wie die Schmerzen im Vergleich zu Tattoo schmerzen sind? Pauschal l\u00e4sst sich das nicht beantworten. Ein Piercing dauert nat\u00fcrlich sehr viel K\u00fcrzer bis es gestochen ist. Kommt dazu noch <a href=\"https:\/\/helix-piercing.com\/en\/helix-pflegetipps\/\" class=\"aioseop-link\">eine gute Pflege nach dem Stechen<\/a>, solltest du lange Freude an deinem Piercing haben. <\/p>\n\n\n\n<h4 class=\"wp-block-heading\"><strong>Was kostet ein Helix Piercing<\/strong><\/h4>\n\n\n\n<p>Ein pauschaler Preis f\u00fcr ein Helix Piercing l\u00e4sst sich nicht festlegen. Die Preise unterscheiden sich von Studio zu Studio. Ungef\u00e4hr sollte man mit 40-80 \u20ac rechnen. Das Piercing Studio des Vertrauens sollte nicht anhand des Preis ausgew\u00e4hlt werden sondern anhand der oben genannten Punkte. <\/p>\n\n\n\n<iframe style=\"width:120px;height:240px;\" marginwidth=\"0\" marginheight=\"0\" scrolling=\"no\" frameborder=\"0\" src=\"\/\/ws-eu.amazon-adsystem.com\/widgets\/q?ServiceVersion=20070822&#038;OneJS=1&#038;Operation=GetAdHtml&#038;MarketPlace=DE&#038;source=ac&#038;ref=qf_sp_asin_til&#038;ad_type=product_link&#038;tracking_id=helixpiercing-21&#038;marketplace=amazon&#038;region=DE&#038;placement=B07N893SWG&#038;asins=B07N893SWG&#038;linkId=0e8f9f154d4f17b5cb8c70a17838ba3f&#038;show_border=true&#038;link_opens_in_new_window=true&#038;price_color=1c1919&#038;title_color=9e9e0b&#038;bg_color=ffffff\">\n    <\/iframe>\n<iframe style=\"width:120px;height:240px;\" marginwidth=\"0\" marginheight=\"0\" scrolling=\"no\" frameborder=\"0\" src=\"\/\/ws-eu.amazon-adsystem.com\/widgets\/q?ServiceVersion=20070822&#038;OneJS=1&#038;Operation=GetAdHtml&#038;MarketPlace=DE&#038;source=ac&#038;ref=qf_sp_asin_til&#038;ad_type=product_link&#038;tracking_id=helixpiercing-21&#038;marketplace=amazon&#038;region=DE&#038;placement=B07PBZ59GV&#038;asins=B07PBZ59GV&#038;linkId=df3ae0416a661decf36ae45a0c13d8e3&#038;show_border=true&#038;link_opens_in_new_window=true&#038;price_color=1c1919&#038;title_color=9e9e0b&#038;bg_color=ffffff\">\n    <\/iframe>\n\n\n\n<h4 class=\"wp-block-heading\"><strong>Zu wem passt das Piercing<\/strong><\/h4>\n\n\n\n<p>Au\u00dferdem solltes das erlaubte Alter beachtet werden. Ab 18 Jahren ist es erlaubt, ein Helix Piercing stechen zu lassen. Mit 16 Jahren ist es mit der Begleitung eines Erziehungsberechtigten m\u00f6glich. In diesem Falle sollte das ausgew\u00e4hlte Piercing Studio kontaktiert werden. <\/p>\n\n\n\n<p>Ansonsten passt das Helix Piercing zu jedem, der es gerne tragen m\u00f6chte! Ob Mann, Frau oder Divers &#8211; ein stylisches Ohr mit Schmuck sieht top aus. <\/p>\n\n\n\n<p><\/p>\n\n\n\n<script charset=\"utf-8\" type=\"text\/javascript\" src=\"\/\/ws-eu.amazon-adsystem.com\/widgets\/q?rt=tf_ssw&#038;ServiceVersion=20070822&#038;MarketPlace=DE&#038;ID=V20070822%2FDE%2Fhelixpiercing-21%2F8003%2F87d8b823-2f4b-42f5-8f88-4c5d7c94bad9&#038;Operation=GetScriptTemplate\"> <\/script> <noscript><a rel=\"nofollow\" href=\"\/\/ws-eu.amazon-adsystem.com\/widgets\/q?rt=tf_ssw&#038;ServiceVersion=20070822&#038;MarketPlace=DE&#038;ID=V20070822%2FDE%2Fhelixpiercing-21%2F8003%2F87d8b823-2f4b-42f5-8f88-4c5d7c94bad9&#038;Operation=NoScript\">Amazon.de Widgets<\/a><\/noscript>","protected":false},"excerpt":{"rendered":"<p>Das Schmuck Must-Have: Helix Piercing Aktuell kommt man um den hei\u00dfesten Schmuck-Trend nicht drum rum: Bling Bling am Ohr \u2013&hellip;<\/p>","protected":false},"author":1,"featured_media":0,"parent":0,"menu_order":0,"comment_status":"closed","ping_status":"closed","template":"","meta":{"_monsterinsights_skip_tracking":false,"_monsterinsights_sitenote_active":false,"_monsterinsights_sitenote_note":"","_monsterinsights_sitenote_category":0,"footnotes":""},"class_list":["post-84","page","type-page","status-publish","hentry"],"_links":{"self":[{"href":"https:\/\/helix-piercing.com\/en\/wp-json\/wp\/v2\/pages\/84","targetHints":{"allow":["GET"]}}],"collection":[{"href":"https:\/\/helix-piercing.com\/en\/wp-json\/wp\/v2\/pages"}],"about":[{"href":"https:\/\/helix-piercing.com\/en\/wp-json\/wp\/v2\/types\/page"}],"author":[{"embeddable":true,"href":"https:\/\/helix-piercing.com\/en\/wp-json\/wp\/v2\/users\/1"}],"replies":[{"embeddable":true,"href":"https:\/\/helix-piercing.com\/en\/wp-json\/wp\/v2\/comments?post=84"}],"version-history":[{"count":59,"href":"https:\/\/helix-piercing.com\/en\/wp-json\/wp\/v2\/pages\/84\/revisions"}],"predecessor-version":[{"id":248,"href":"https:\/\/helix-piercing.com\/en\/wp-json\/wp\/v2\/pages\/84\/revisions\/248"}],"wp:attachment":[{"href":"https:\/\/helix-piercing.com\/en\/wp-json\/wp\/v2\/media?parent=84"}],"curies":[{"name":"wp","href":"https:\/\/api.w.org\/{rel}","templated":true}]}}