{"id":262,"date":"2020-08-24T14:15:56","date_gmt":"2020-08-24T14:15:56","guid":{"rendered":"http:\/\/helix-piercing.com\/?page_id=262"},"modified":"2020-11-15T19:45:44","modified_gmt":"2020-11-15T19:45:44","slug":"helix-typen","status":"publish","type":"page","link":"https:\/\/helix-piercing.com\/en\/helix-typen\/","title":{"rendered":"\u2022 HELIX PIERCING TYPEN \u2022"},"content":{"rendered":"<h4 class=\"wp-block-heading\">Setze ein Statement mit deinem Helix<\/h4>\n\n\n\n<p>Egal ob du es verspielt oder eher dezent magst &#8211; das Helix Piercing bietet f\u00fcr jeden Style den passenden Ring oder Stecker f\u00fcr das Ohr. Um dir die Auswahl etwas zu erleichtern, haben wir ein paar verschiedene Modelle und Stile f\u00fcr dich zusammengestellt. <\/p>\n\n\n\n<p><strong>Nature<\/strong><br>Du liebst die Natur und alles was dazu geh\u00f6rt? Ob Blume, Blatt oder Biene &#8211; beim Helix Piercing kannst du dich hier so richtig austoben. Dabei reicht die Auswahl vom verspielten Ring mit kleinen Anh\u00e4ngern \u00fcber den Statement-Ring bis hin zum einfachen Stecker. Neben der Art gibt es auch Variationen in der Farbe. Passend zum Thema Natur, findest du farbige Helix Piercings abseits vom klassischen Gold, Silber oder Ros\u00e9.  <\/p>\n\n\n\n<p><strong>Minimalistisch<\/strong><br>Wer es eher schlicht mag, setzt auf ein minimalistisches Helix Piercing. Angesagt sind kleine Ringe in Ros\u00e9gold oder ein zarter Stecker mit Bling-Bling. Bei den Ringen kannst du bei der Gr\u00f6\u00dfe variieren. Ob du es nun gern enganliegende am Ohr hast oder dein Helix runterh\u00e4ngen soll, bleibt dir selbst \u00fcberlassen. Dabei muss es nicht immer Rund sein: Wie w\u00e4re es mit einem Achteckigen Helix Piercing? <\/p>\n\n\n\n<p><strong>Doppel-Helix<\/strong><br>Eigentlich kriegst du nicht genug von deinem Helix aber du w\u00fcrdest gern den n\u00e4chsten Gang zum Piercer vermeiden? Das Dopple-Helix ist die richtige Alternative, wenn du bereits ein Helix besitzt und gern noch mehr Schmuck am Ohr ohne weiteres Piercing tragen magst. Beim Dopple-Piercing handelt es sich meist um einen Ring, an dem ein weiterer Ring befestigt ist. Durch die Verabreitung werden beide Ringe erst am Verschluss nach hinten zusammengef\u00fchrt, wodurch der Doppel-Effekt entsteht. <\/p>\n\n\n\n<p><strong>Galaxy<\/strong><\/p>\n\n\n\n<p>Du hast das Gef\u00fchl, der Mond beeinflusst Deine Stimmung und zieht Dich in seinen Bann? Dann passt der dazu passende Schmuck perfekt zu Dir. Ob Planeten, Sterne oder direkt das gesamte Sonnensystem: Beim aktuellen Schmucktrend sind Dir keine Grenzen gesetzt und Du kannst deine astrologische Seite zur Schau stellen.<\/p>\n\n\n\n<p>Vor allem lieben wir den Horoskop Schmuck. Entdecke coole Helix Piercings passend zu Deinem Sternzeichen. \u00dcbrigens auch eine richtig coole Geschenkidee und ein cooles Accessoires f\u00fcr jeden Tag.<\/p>\n\n\n\n<p><\/p>\n\n\n\n<p><strong>Romantisch<\/strong><\/p>\n\n\n\n<p>Einen weiteren Trend von dem wir aktuell nicht genug bekommen, sind verspielte Formen und s\u00fc\u00dfe Farben. Besonders gef\u00e4llt uns Rose Gold und Glitzer &#8211; darf sowieso nie fehlen!&nbsp;<\/p>\n\n\n\n<p>Vertr\u00e4umte Herzchen, glitzernde Schleifen oder verzweigte Rosen: Diese Piercings stehen einfach allen, die es lieblich m\u00f6gen und gerne mit Ihren Styles und Schmuck auf vertr\u00e4umte Trends abzielen.<\/p>","protected":false},"excerpt":{"rendered":"<p>Setze ein Statement mit deinem Helix Egal ob du es verspielt oder eher dezent magst &#8211; das Helix Piercing bietet&hellip;<\/p>","protected":false},"author":1,"featured_media":0,"parent":0,"menu_order":0,"comment_status":"closed","ping_status":"closed","template":"","meta":{"_monsterinsights_skip_tracking":false,"_monsterinsights_sitenote_active":false,"_monsterinsights_sitenote_note":"","_monsterinsights_sitenote_category":0,"footnotes":""},"class_list":["post-262","page","type-page","status-publish","hentry"],"_links":{"self":[{"href":"https:\/\/helix-piercing.com\/en\/wp-json\/wp\/v2\/pages\/262","targetHints":{"allow":["GET"]}}],"collection":[{"href":"https:\/\/helix-piercing.com\/en\/wp-json\/wp\/v2\/pages"}],"about":[{"href":"https:\/\/helix-piercing.com\/en\/wp-json\/wp\/v2\/types\/page"}],"author":[{"embeddable":true,"href":"https:\/\/helix-piercing.com\/en\/wp-json\/wp\/v2\/users\/1"}],"replies":[{"embeddable":true,"href":"https:\/\/helix-piercing.com\/en\/wp-json\/wp\/v2\/comments?post=262"}],"version-history":[{"count":17,"href":"https:\/\/helix-piercing.com\/en\/wp-json\/wp\/v2\/pages\/262\/revisions"}],"predecessor-version":[{"id":289,"href":"https:\/\/helix-piercing.com\/en\/wp-json\/wp\/v2\/pages\/262\/revisions\/289"}],"wp:attachment":[{"href":"https:\/\/helix-piercing.com\/en\/wp-json\/wp\/v2\/media?parent=262"}],"curies":[{"name":"wp","href":"https:\/\/api.w.org\/{rel}","templated":true}]}}